{"id":123,"date":"2023-03-30T13:29:11","date_gmt":"2023-03-30T11:29:11","guid":{"rendered":"https:\/\/biztonsagsoltvadkert.com\/?page_id=123"},"modified":"2023-05-07T13:17:35","modified_gmt":"2023-05-07T11:17:35","slug":"riasztorendszerek","status":"publish","type":"page","link":"https:\/\/biztonsagsoltvadkert.com\/index.php\/riasztorendszerek\/","title":{"rendered":"Riaszt\u00f3rendszerek"},"content":{"rendered":"\t\t<div data-elementor-type=\"wp-page\" data-elementor-id=\"123\" class=\"elementor elementor-123\">\n\t\t\t\t\t\t\t\t\t<section class=\"elementor-section elementor-top-section elementor-element elementor-element-7d80b8c4 elementor-section-height-full elementor-section-boxed elementor-section-height-default elementor-section-items-middle tf-sticky-section tf-sticky-no\" data-id=\"7d80b8c4\" data-element_type=\"section\" data-settings=\"{&quot;background_background&quot;:&quot;slideshow&quot;,&quot;background_slideshow_gallery&quot;:[{&quot;id&quot;:222,&quot;url&quot;:&quot;http:\\\/\\\/biztonsagsoltvadkert.com\\\/wp-content\\\/uploads\\\/2023\\\/03\\\/ajax1.jpg&quot;},{&quot;id&quot;:223,&quot;url&quot;:&quot;http:\\\/\\\/biztonsagsoltvadkert.com\\\/wp-content\\\/uploads\\\/2023\\\/03\\\/ajax_2.jpg&quot;},{&quot;id&quot;:224,&quot;url&quot;:&quot;http:\\\/\\\/biztonsagsoltvadkert.com\\\/wp-content\\\/uploads\\\/2023\\\/03\\\/ajax2.jpg&quot;},{&quot;id&quot;:237,&quot;url&quot;:&quot;http:\\\/\\\/biztonsagsoltvadkert.com\\\/wp-content\\\/uploads\\\/2023\\\/03\\\/ajax-4.jpg&quot;},{&quot;id&quot;:238,&quot;url&quot;:&quot;http:\\\/\\\/biztonsagsoltvadkert.com\\\/wp-content\\\/uploads\\\/2023\\\/03\\\/ajax5.jpg&quot;},{&quot;id&quot;:240,&quot;url&quot;:&quot;http:\\\/\\\/biztonsagsoltvadkert.com\\\/wp-content\\\/uploads\\\/2023\\\/03\\\/Kepernyofelvetel-13.png&quot;}],&quot;background_slideshow_slide_duration&quot;:7001,&quot;background_slideshow_slide_transition&quot;:&quot;slide_left&quot;,&quot;background_slideshow_transition_duration&quot;:1100,&quot;tf_sticky&quot;:&quot;no&quot;,&quot;background_slideshow_loop&quot;:&quot;yes&quot;}\">\n\t\t\t\t\t\t\t<div class=\"elementor-background-overlay\"><\/div>\n\t\t\t\t\t\t\t<div class=\"elementor-container elementor-column-gap-no\">\n\t\t\t\t\t<div class=\"elementor-column elementor-col-100 elementor-top-column elementor-element elementor-element-73432836\" data-id=\"73432836\" data-element_type=\"column\">\n\t\t\t<div class=\"elementor-widget-wrap elementor-element-populated\">\n\t\t\t\t\t\t\t\t<div class=\"elementor-element elementor-element-579a0ba8 elementor-absolute elementor-widget elementor-widget-heading\" data-id=\"579a0ba8\" data-element_type=\"widget\" data-settings=\"{&quot;_position&quot;:&quot;absolute&quot;}\" data-widget_type=\"heading.default\">\n\t\t\t\t<div class=\"elementor-widget-container\">\n\t\t\t<style>\/*! elementor - v3.11.5 - 14-03-2023 *\/\n.elementor-heading-title{padding:0;margin:0;line-height:1}.elementor-widget-heading .elementor-heading-title[class*=elementor-size-]>a{color:inherit;font-size:inherit;line-height:inherit}.elementor-widget-heading .elementor-heading-title.elementor-size-small{font-size:15px}.elementor-widget-heading .elementor-heading-title.elementor-size-medium{font-size:19px}.elementor-widget-heading .elementor-heading-title.elementor-size-large{font-size:29px}.elementor-widget-heading .elementor-heading-title.elementor-size-xl{font-size:39px}.elementor-widget-heading .elementor-heading-title.elementor-size-xxl{font-size:59px}<\/style><h2 class=\"elementor-heading-title elementor-size-large\">Vezet\u00e9k n\u00e9lk\u00fcli riaszt\u00f3<\/h2>\t\t<\/div>\n\t\t\t\t<\/div>\n\t\t\t\t<div class=\"elementor-element elementor-element-e75c767 elementor-widget__width-auto elementor-list-item-link-full_width elementor-widget elementor-widget-icon-list\" data-id=\"e75c767\" data-element_type=\"widget\" data-widget_type=\"icon-list.default\">\n\t\t\t\t<div class=\"elementor-widget-container\">\n\t\t\t<link rel=\"stylesheet\" href=\"https:\/\/biztonsagsoltvadkert.com\/wp-content\/plugins\/elementor\/assets\/css\/widget-icon-list.min.css\">\t\t<ul class=\"elementor-icon-list-items\">\n\t\t\t\t\t\t\t<li class=\"elementor-icon-list-item\">\n\t\t\t\t\t\t\t\t\t\t<span class=\"elementor-icon-list-text\">Gyorsabban \u00e9s olcs\u00f3bban telep\u00edthet\u0151.<\/span>\n\t\t\t\t\t\t\t\t\t<\/li>\n\t\t\t\t\t\t\t\t<li class=\"elementor-icon-list-item\">\n\t\t\t\t\t\t\t\t\t\t<span class=\"elementor-icon-list-text\">Nincs sz\u00fcks\u00e9g v\u00e9s\u00e9sre, a fal \u00e1tf\u00far\u00e1s\u00e1ra.<\/span>\n\t\t\t\t\t\t\t\t\t<\/li>\n\t\t\t\t\t\t\t\t<li class=\"elementor-icon-list-item\">\n\t\t\t\t\t\t\t\t\t\t<span class=\"elementor-icon-list-text\">Egyszer\u0171en b\u0151v\u00edthet\u0151 \u00e9s vari\u00e1lhat\u00f3.<\/span>\n\t\t\t\t\t\t\t\t\t<\/li>\n\t\t\t\t\t\t\t\t<li class=\"elementor-icon-list-item\">\n\t\t\t\t\t\t\t\t\t\t<span class=\"elementor-icon-list-text\">Mobil applik\u00e1ci\u00f3n k\u00f6nnyen kezelhez\u0151.<\/span>\n\t\t\t\t\t\t\t\t\t<\/li>\n\t\t\t\t\t\t\t\t<li class=\"elementor-icon-list-item\">\n\t\t\t\t\t\t\t\t\t\t<span class=\"elementor-icon-list-text\">Megb\u00edzhat\u00f3 m\u0171k\u00f6d\u00e9s, hossz\u00fa \u00e9lettartam.<\/span>\n\t\t\t\t\t\t\t\t\t<\/li>\n\t\t\t\t\t\t<\/ul>\n\t\t\t\t<\/div>\n\t\t\t\t<\/div>\n\t\t\t\t<section class=\"elementor-section elementor-inner-section elementor-element elementor-element-d19dbfa elementor-section-height-min-height elementor-section-content-bottom elementor-section-boxed elementor-section-height-default tf-sticky-section tf-sticky-no\" data-id=\"d19dbfa\" data-element_type=\"section\" data-settings=\"{&quot;tf_sticky&quot;:&quot;no&quot;}\">\n\t\t\t\t\t\t<div class=\"elementor-container elementor-column-gap-default\">\n\t\t\t\t\t<div class=\"elementor-column elementor-col-100 elementor-inner-column elementor-element elementor-element-aa665b0\" data-id=\"aa665b0\" data-element_type=\"column\">\n\t\t\t<div class=\"elementor-widget-wrap elementor-element-populated\">\n\t\t\t\t\t\t\t\t<div class=\"elementor-element elementor-element-b94b5ec elementor-widget elementor-widget-spacer\" data-id=\"b94b5ec\" data-element_type=\"widget\" data-widget_type=\"spacer.default\">\n\t\t\t\t<div class=\"elementor-widget-container\">\n\t\t\t<style>\/*! elementor - v3.11.5 - 14-03-2023 *\/\n.elementor-column .elementor-spacer-inner{height:var(--spacer-size)}.e-con{--container-widget-width:100%}.e-con-inner>.elementor-widget-spacer,.e-con>.elementor-widget-spacer{width:var(--container-widget-width,var(--spacer-size));--align-self:var(--container-widget-align-self,initial);--flex-shrink:0}.e-con-inner>.elementor-widget-spacer>.elementor-widget-container,.e-con-inner>.elementor-widget-spacer>.elementor-widget-container>.elementor-spacer,.e-con>.elementor-widget-spacer>.elementor-widget-container,.e-con>.elementor-widget-spacer>.elementor-widget-container>.elementor-spacer{height:100%}.e-con-inner>.elementor-widget-spacer>.elementor-widget-container>.elementor-spacer>.elementor-spacer-inner,.e-con>.elementor-widget-spacer>.elementor-widget-container>.elementor-spacer>.elementor-spacer-inner{height:var(--container-widget-height,var(--spacer-size))}<\/style>\t\t<div class=\"elementor-spacer\">\n\t\t\t<div class=\"elementor-spacer-inner\"><\/div>\n\t\t<\/div>\n\t\t\t\t<\/div>\n\t\t\t\t<\/div>\n\t\t\t\t<div class=\"elementor-element elementor-element-f34977b elementor-absolute elementor-invisible elementor-widget elementor-widget-text-editor\" data-id=\"f34977b\" data-element_type=\"widget\" data-settings=\"{&quot;_animation&quot;:&quot;fadeInUp&quot;,&quot;_position&quot;:&quot;absolute&quot;}\" data-widget_type=\"text-editor.default\">\n\t\t\t\t<div class=\"elementor-widget-container\">\n\t\t\t<style>\/*! elementor - v3.11.5 - 14-03-2023 *\/\n.elementor-widget-text-editor.elementor-drop-cap-view-stacked .elementor-drop-cap{background-color:#818a91;color:#fff}.elementor-widget-text-editor.elementor-drop-cap-view-framed .elementor-drop-cap{color:#818a91;border:3px solid;background-color:transparent}.elementor-widget-text-editor:not(.elementor-drop-cap-view-default) .elementor-drop-cap{margin-top:8px}.elementor-widget-text-editor:not(.elementor-drop-cap-view-default) .elementor-drop-cap-letter{width:1em;height:1em}.elementor-widget-text-editor .elementor-drop-cap{float:left;text-align:center;line-height:1;font-size:50px}.elementor-widget-text-editor .elementor-drop-cap-letter{display:inline-block}<\/style>\t\t\t\t<p>Jelenleg el\u00e9rhet\u0151 egyik legmegb\u00edzhat\u00f3bb riaszt\u00f3rendszer, mely rengeteg kieg\u00e9sz\u00edt\u0151j\u00e9vel minden ig\u00e9nyt kiszolg\u00e1l: mozg\u00e1s\u00e9rz\u00e9kel\u0151k, nyit\u00e1s\u00e9rz\u00e9kel\u0151k, \u00fcvegt\u00f6r\u00e9s \u00e9rz\u00e9kel\u0151k, f\u00fcst\u00e9rz\u00e9kel\u0151k, kezel\u0151k, t\u00e1vir\u00e1nyit\u00f3k, k\u00fcl- \u00e9s belt\u00e9ri szir\u00e9n\u00e1k, CO \u00e9rz\u00e9kel\u0151k, v\u00edz\u00e9rz\u00e9kel\u0151k, p\u00e1nikjelz\u0151k, okos konnektorok. A belt\u00e9ri \u00e9rz\u00e9kel\u0151k mellett k\u00fclt\u00e9ri mozg\u00e1s\u00e9rz\u00e9kel\u0151k is el\u00e9rhet\u0151ek a k\u00edn\u00e1latban.\u00a0<\/p>\t\t\t\t\t\t<\/div>\n\t\t\t\t<\/div>\n\t\t\t\t\t<\/div>\n\t\t<\/div>\n\t\t\t\t\t\t\t<\/div>\n\t\t<\/section>\n\t\t\t\t\t<\/div>\n\t\t<\/div>\n\t\t\t\t\t\t\t<\/div>\n\t\t<\/section>\n\t\t\t\t<section class=\"elementor-section elementor-top-section elementor-element elementor-element-2ab9b4b7 elementor-section-boxed elementor-section-height-default elementor-section-height-default tf-sticky-section tf-sticky-no\" data-id=\"2ab9b4b7\" data-element_type=\"section\" data-settings=\"{&quot;background_background&quot;:&quot;classic&quot;,&quot;tf_sticky&quot;:&quot;no&quot;}\">\n\t\t\t\t\t\t<div class=\"elementor-container elementor-column-gap-no\">\n\t\t\t\t\t<div class=\"elementor-column elementor-col-50 elementor-top-column elementor-element elementor-element-3d6f5d70\" data-id=\"3d6f5d70\" data-element_type=\"column\">\n\t\t\t<div class=\"elementor-widget-wrap elementor-element-populated\">\n\t\t\t\t\t\t\t\t<div class=\"elementor-element elementor-element-2676b6a elementor-invisible elementor-widget elementor-widget-image\" data-id=\"2676b6a\" data-element_type=\"widget\" data-settings=\"{&quot;_animation&quot;:&quot;fadeInDown&quot;}\" data-widget_type=\"image.default\">\n\t\t\t\t<div class=\"elementor-widget-container\">\n\t\t\t<style>\/*! elementor - v3.11.5 - 14-03-2023 *\/\n.elementor-widget-image{text-align:center}.elementor-widget-image a{display:inline-block}.elementor-widget-image a img[src$=\".svg\"]{width:48px}.elementor-widget-image img{vertical-align:middle;display:inline-block}<\/style>\t\t\t\t\t\t\t\t\t\t\t\t<img width=\"900\" height=\"470\" src=\"https:\/\/biztonsagsoltvadkert.com\/wp-content\/uploads\/2023\/03\/fibra3.png\" class=\"attachment-2048x2048 size-2048x2048 wp-image-264\" alt=\"\" decoding=\"async\" loading=\"lazy\" srcset=\"https:\/\/biztonsagsoltvadkert.com\/wp-content\/uploads\/2023\/03\/fibra3.png 900w, https:\/\/biztonsagsoltvadkert.com\/wp-content\/uploads\/2023\/03\/fibra3-300x157.png 300w, https:\/\/biztonsagsoltvadkert.com\/wp-content\/uploads\/2023\/03\/fibra3-768x401.png 768w\" sizes=\"(max-width: 900px) 100vw, 900px\" \/>\t\t\t\t\t\t\t\t\t\t\t\t\t\t\t<\/div>\n\t\t\t\t<\/div>\n\t\t\t\t\t<\/div>\n\t\t<\/div>\n\t\t\t\t<div class=\"elementor-column elementor-col-50 elementor-top-column elementor-element elementor-element-36229e21\" data-id=\"36229e21\" data-element_type=\"column\">\n\t\t\t<div class=\"elementor-widget-wrap elementor-element-populated\">\n\t\t\t\t\t\t\t\t<div class=\"elementor-element elementor-element-1d07a1d4 elementor-widget elementor-widget-heading\" data-id=\"1d07a1d4\" data-element_type=\"widget\" data-widget_type=\"heading.default\">\n\t\t\t\t<div class=\"elementor-widget-container\">\n\t\t\t<h2 class=\"elementor-heading-title elementor-size-default\">Vezet\u00e9kes - hybrid riaszt\u00f3k\u00f6zpont<\/h2>\t\t<\/div>\n\t\t\t\t<\/div>\n\t\t\t\t<div class=\"elementor-element elementor-element-7f298672 elementor-invisible elementor-widget elementor-widget-text-editor\" data-id=\"7f298672\" data-element_type=\"widget\" data-settings=\"{&quot;_animation&quot;:&quot;fadeInUp&quot;}\" data-widget_type=\"text-editor.default\">\n\t\t\t\t<div class=\"elementor-widget-container\">\n\t\t\t\t\t\t\t<p>Fibra behatol\u00e1sv\u00e9delmi term\u00e9kcsal\u00e1d vezet\u00e9kes k\u00e9sz\u00fcl\u00e9kei az akkus Jeweller term\u00e9kek minden el\u0151ny\u00e9vel rendelkeznek. Egy k\u00e9t kilom\u00e9teres vezet\u00e9k, ak\u00e1r egy t\u00f6bbszintes \u00e9p\u00fcletet is lefedhet, mik\u00f6zben 100-szor kevesebb \u00e1ramot fogyaszt, mint a digit\u00e1lis vezet\u00e9kes detektorok ipar\u00e1gi \u00e1tlaga. A Jeweller k\u00e9sz\u00fcl\u00e9kekhez hasonl\u00f3an az adat\u00e1tvitel a Fibr\u00e1n bel\u00fcl titkos\u00edtott, \u00e9s az eszk\u00f6z\u00f6k szabot\u00e1zs elleni v\u00e9delemmel vannak felszerelve. Ezenk\u00edv\u00fcl a rendszer pillanatok alatt telep\u00edthet\u0151 \u00e9s az okostelefonon kereszt\u00fcli t\u00e1vvez\u00e9rl\u00e9st is lehet\u0151v\u00e9 teszi.<\/p>\t\t\t\t\t\t<\/div>\n\t\t\t\t<\/div>\n\t\t\t\t\t<\/div>\n\t\t<\/div>\n\t\t\t\t\t\t\t<\/div>\n\t\t<\/section>\n\t\t\t\t<section class=\"elementor-section elementor-top-section elementor-element elementor-element-1f91eebd elementor-section-boxed elementor-section-height-default elementor-section-height-default tf-sticky-section tf-sticky-no\" data-id=\"1f91eebd\" data-element_type=\"section\" data-settings=\"{&quot;background_background&quot;:&quot;classic&quot;,&quot;tf_sticky&quot;:&quot;no&quot;}\">\n\t\t\t\t\t\t<div class=\"elementor-container elementor-column-gap-no\">\n\t\t\t\t\t<div class=\"elementor-column elementor-col-50 elementor-top-column elementor-element elementor-element-1e9acccb elementor-invisible\" data-id=\"1e9acccb\" data-element_type=\"column\" data-settings=\"{&quot;animation&quot;:&quot;fadeInLeft&quot;}\">\n\t\t\t<div class=\"elementor-widget-wrap elementor-element-populated\">\n\t\t\t\t\t\t\t\t<div class=\"elementor-element elementor-element-12dfad80 elementor-widget elementor-widget-heading\" data-id=\"12dfad80\" data-element_type=\"widget\" data-widget_type=\"heading.default\">\n\t\t\t\t<div class=\"elementor-widget-container\">\n\t\t\t<h2 class=\"elementor-heading-title elementor-size-default\">\u00c1tmeneti kitelep\u00edtett csapda riaszt\u00f3 rendszer<\/h2>\t\t<\/div>\n\t\t\t\t<\/div>\n\t\t\t\t<div class=\"elementor-element elementor-element-47a2ca11 elementor-widget elementor-widget-text-editor\" data-id=\"47a2ca11\" data-element_type=\"widget\" data-widget_type=\"text-editor.default\">\n\t\t\t\t<div class=\"elementor-widget-container\">\n\t\t\t\t\t\t\t<p>\u00c1ltal\u00e1ban olyan helysz\u00edneken alkalmazzuk ahol \u00e1tmeneti id\u0151re sz\u00fcks\u00e9g van a biztons\u00e1g meger\u0151s\u00edt\u00e9sre p\u00e9ld\u00e1ul \u00e9p\u00edtkez\u00e9sek, illetve olyan ingatlanokn\u00e1l ahol elutaznak bizonyos id\u0151re. A csapda rendszer kitelep\u00edt\u00e9se p\u00e1r percet vesz ig\u00e9nybe el\u0151re feltelep\u00edtett \u00e1tjelz\u00e9ssel biztons\u00e1gi szolg\u00e1latunkhoz.<\/p>\t\t\t\t\t\t<\/div>\n\t\t\t\t<\/div>\n\t\t\t\t\t<\/div>\n\t\t<\/div>\n\t\t\t\t<div class=\"elementor-column elementor-col-50 elementor-top-column elementor-element elementor-element-6aa30f53 elementor-invisible\" data-id=\"6aa30f53\" data-element_type=\"column\" data-settings=\"{&quot;animation&quot;:&quot;fadeInRight&quot;}\">\n\t\t\t<div class=\"elementor-widget-wrap elementor-element-populated\">\n\t\t\t\t\t\t\t\t<div class=\"elementor-element elementor-element-3dcf0b7b elementor-widget elementor-widget-image\" data-id=\"3dcf0b7b\" data-element_type=\"widget\" data-widget_type=\"image.default\">\n\t\t\t\t<div class=\"elementor-widget-container\">\n\t\t\t\t\t\t\t\t\t\t\t\t\t\t\t<img width=\"2560\" height=\"1440\" src=\"https:\/\/biztonsagsoltvadkert.com\/wp-content\/uploads\/2023\/04\/axpro2-scaled.jpg\" class=\"attachment-full size-full wp-image-720\" alt=\"\" decoding=\"async\" loading=\"lazy\" srcset=\"https:\/\/biztonsagsoltvadkert.com\/wp-content\/uploads\/2023\/04\/axpro2-scaled.jpg 2560w, https:\/\/biztonsagsoltvadkert.com\/wp-content\/uploads\/2023\/04\/axpro2-300x169.jpg 300w, https:\/\/biztonsagsoltvadkert.com\/wp-content\/uploads\/2023\/04\/axpro2-1024x576.jpg 1024w, https:\/\/biztonsagsoltvadkert.com\/wp-content\/uploads\/2023\/04\/axpro2-768x432.jpg 768w, https:\/\/biztonsagsoltvadkert.com\/wp-content\/uploads\/2023\/04\/axpro2-1536x864.jpg 1536w, https:\/\/biztonsagsoltvadkert.com\/wp-content\/uploads\/2023\/04\/axpro2-2048x1152.jpg 2048w, https:\/\/biztonsagsoltvadkert.com\/wp-content\/uploads\/2023\/04\/axpro2-800x450.jpg 800w\" sizes=\"(max-width: 2560px) 100vw, 2560px\" \/>\t\t\t\t\t\t\t\t\t\t\t\t\t\t\t<\/div>\n\t\t\t\t<\/div>\n\t\t\t\t\t<\/div>\n\t\t<\/div>\n\t\t\t\t\t\t\t<\/div>\n\t\t<\/section>\n\t\t\t\t<section class=\"elementor-section elementor-top-section elementor-element elementor-element-4b1bcf4b elementor-section-full_width elementor-reverse-tablet elementor-reverse-mobile elementor-section-height-default elementor-section-height-default tf-sticky-section tf-sticky-no\" data-id=\"4b1bcf4b\" data-element_type=\"section\" data-settings=\"{&quot;background_background&quot;:&quot;classic&quot;,&quot;tf_sticky&quot;:&quot;no&quot;}\">\n\t\t\t\t\t\t<div class=\"elementor-container elementor-column-gap-default\">\n\t\t\t\t\t<div class=\"elementor-column elementor-col-50 elementor-top-column elementor-element elementor-element-e69b6cd\" data-id=\"e69b6cd\" data-element_type=\"column\">\n\t\t\t<div class=\"elementor-widget-wrap elementor-element-populated\">\n\t\t\t\t\t\t\t\t<div class=\"elementor-element elementor-element-5097b17 elementor-widget elementor-widget-heading\" data-id=\"5097b17\" data-element_type=\"widget\" data-widget_type=\"heading.default\">\n\t\t\t\t<div class=\"elementor-widget-container\">\n\t\t\t<h2 class=\"elementor-heading-title elementor-size-default\">Eg\u00e9szs\u00e9g\u00fcgyi seg\u00e9lyh\u00edv\u00f3 szolg\u00e1ltat\u00e1s, jelz\u0151k\u00e9sz\u00fcl\u00e9kkel \u00e9s folyamatos t\u00e1vfel\u00fcgyelettel<\/h2>\t\t<\/div>\n\t\t\t\t<\/div>\n\t\t\t\t<div class=\"elementor-element elementor-element-c1d01a3 animated-slow elementor-invisible elementor-widget elementor-widget-text-editor\" data-id=\"c1d01a3\" data-element_type=\"widget\" data-settings=\"{&quot;_animation&quot;:&quot;zoomIn&quot;}\" data-widget_type=\"text-editor.default\">\n\t\t\t\t<div class=\"elementor-widget-container\">\n\t\t\t\t\t\t\t<p>Eg\u00e9szs\u00e9g\u00fcgyi v\u00e9szh\u00edv\u00f3 rendszer\u00fcnk folyamatos\u00a0<strong>biztons\u00e1got ny\u00fajt id\u0151s, beteg, mozg\u00e1sukban korl\u00e1tozott vagy egyed\u00fcl \u00e9l\u0151 emberek sz\u00e1m\u00e1ra otthonukban<\/strong>, hiszen a v\u00e9szjelz\u00e9sek kezel\u00e9s\u00e9t \u00e9s a sz\u00fcks\u00e9ges int\u00e9zked\u00e9seket t\u00e1vfel\u00fcgyeleti k\u00f6zpontunk\u00a0<strong>\u00e9jjel-nappal, h\u00e9tv\u00e9g\u00e9n \u00e9s \u00fcnnepnapokon is 24 \u00f3r\u00e1ban biztos\u00edtja<\/strong>. A seg\u00e9lyh\u00edv\u00f3 k\u00e9sz\u00fcl\u00e9kr\u0151l k\u00fcld\u00f6tt jelz\u00e9seket t\u00e1vfel\u00fcgyeleti k\u00f6zpontunkn\u00e1l garant\u00e1ltan fogadja valaki, \u00e9s a kor\u00e1bban megadott inform\u00e1ci\u00f3knak megfelel\u0151en int\u00e9zkedik a gondozott \u00e9rdek\u00e9ben.<\/p>\t\t\t\t\t\t<\/div>\n\t\t\t\t<\/div>\n\t\t\t\t\t<\/div>\n\t\t<\/div>\n\t\t\t\t<div class=\"elementor-column elementor-col-50 elementor-top-column elementor-element elementor-element-3dcb83cc\" data-id=\"3dcb83cc\" data-element_type=\"column\" data-settings=\"{&quot;background_background&quot;:&quot;classic&quot;}\">\n\t\t\t<div class=\"elementor-widget-wrap elementor-element-populated\">\n\t\t\t\t\t\t\t\t<section class=\"elementor-section elementor-inner-section elementor-element elementor-element-2ee6c2b1 elementor-hidden-phone elementor-section-boxed elementor-section-height-default elementor-section-height-default tf-sticky-section tf-sticky-no\" data-id=\"2ee6c2b1\" data-element_type=\"section\" data-settings=\"{&quot;tf_sticky&quot;:&quot;no&quot;}\">\n\t\t\t\t\t\t<div class=\"elementor-container elementor-column-gap-default\">\n\t\t\t\t\t<div class=\"elementor-column elementor-col-100 elementor-inner-column elementor-element elementor-element-38ed5f13 elementor-hidden-phone elementor-hidden-tablet\" data-id=\"38ed5f13\" data-element_type=\"column\" data-settings=\"{&quot;background_background&quot;:&quot;classic&quot;}\">\n\t\t\t<div class=\"elementor-widget-wrap elementor-element-populated\">\n\t\t\t\t\t\t\t\t<div class=\"elementor-element elementor-element-2533426 elementor-widget elementor-widget-spacer\" data-id=\"2533426\" data-element_type=\"widget\" data-widget_type=\"spacer.default\">\n\t\t\t\t<div class=\"elementor-widget-container\">\n\t\t\t\t\t<div class=\"elementor-spacer\">\n\t\t\t<div class=\"elementor-spacer-inner\"><\/div>\n\t\t<\/div>\n\t\t\t\t<\/div>\n\t\t\t\t<\/div>\n\t\t\t\t<div class=\"elementor-element elementor-element-8db0b89 elementor-widget elementor-widget-image\" data-id=\"8db0b89\" data-element_type=\"widget\" data-widget_type=\"image.default\">\n\t\t\t\t<div class=\"elementor-widget-container\">\n\t\t\t\t\t\t\t\t\t\t\t\t\t\t\t<img width=\"800\" height=\"310\" src=\"https:\/\/biztonsagsoltvadkert.com\/wp-content\/uploads\/2023\/04\/easyaid-set-800.png\" class=\"attachment-large size-large wp-image-298\" alt=\"\" decoding=\"async\" loading=\"lazy\" srcset=\"https:\/\/biztonsagsoltvadkert.com\/wp-content\/uploads\/2023\/04\/easyaid-set-800.png 800w, https:\/\/biztonsagsoltvadkert.com\/wp-content\/uploads\/2023\/04\/easyaid-set-800-300x116.png 300w, https:\/\/biztonsagsoltvadkert.com\/wp-content\/uploads\/2023\/04\/easyaid-set-800-768x298.png 768w\" sizes=\"(max-width: 800px) 100vw, 800px\" \/>\t\t\t\t\t\t\t\t\t\t\t\t\t\t\t<\/div>\n\t\t\t\t<\/div>\n\t\t\t\t\t<\/div>\n\t\t<\/div>\n\t\t\t\t\t\t\t<\/div>\n\t\t<\/section>\n\t\t\t\t\t<\/div>\n\t\t<\/div>\n\t\t\t\t\t\t\t<\/div>\n\t\t<\/section>\n\t\t\t\t\t\t\t<\/div>\n\t\t","protected":false},"excerpt":{"rendered":"<p>Vezet\u00e9k n\u00e9lk\u00fcli riaszt\u00f3 Gyorsabban \u00e9s olcs\u00f3bban telep\u00edthet\u0151. Nincs sz\u00fcks\u00e9g v\u00e9s\u00e9sre, a fal \u00e1tf\u00far\u00e1s\u00e1ra. Egyszer\u0171en b\u0151v\u00edthet\u0151 \u00e9s vari\u00e1lhat\u00f3. Mobil applik\u00e1ci\u00f3n k\u00f6nnyen kezelhez\u0151. Megb\u00edzhat\u00f3 m\u0171k\u00f6d\u00e9s, hossz\u00fa \u00e9lettartam. Jelenleg el\u00e9rhet\u0151 egyik legmegb\u00edzhat\u00f3bb riaszt\u00f3rendszer, mely rengeteg kieg\u00e9sz\u00edt\u0151j\u00e9vel minden ig\u00e9nyt kiszolg\u00e1l: mozg\u00e1s\u00e9rz\u00e9kel\u0151k, nyit\u00e1s\u00e9rz\u00e9kel\u0151k, \u00fcvegt\u00f6r\u00e9s \u00e9rz\u00e9kel\u0151k, f\u00fcst\u00e9rz\u00e9kel\u0151k, kezel\u0151k, t\u00e1vir\u00e1nyit\u00f3k, k\u00fcl- \u00e9s belt\u00e9ri szir\u00e9n\u00e1k, CO \u00e9rz\u00e9kel\u0151k, v\u00edz\u00e9rz\u00e9kel\u0151k, p\u00e1nikjelz\u0151k, okos konnektorok. A belt\u00e9ri [&hellip;]<\/p>\n","protected":false},"author":1,"featured_media":0,"parent":0,"menu_order":0,"comment_status":"closed","ping_status":"closed","template":"","meta":{"_seopress_robots_primary_cat":""},"_links":{"self":[{"href":"https:\/\/biztonsagsoltvadkert.com\/index.php\/wp-json\/wp\/v2\/pages\/123"}],"collection":[{"href":"https:\/\/biztonsagsoltvadkert.com\/index.php\/wp-json\/wp\/v2\/pages"}],"about":[{"href":"https:\/\/biztonsagsoltvadkert.com\/index.php\/wp-json\/wp\/v2\/types\/page"}],"author":[{"embeddable":true,"href":"https:\/\/biztonsagsoltvadkert.com\/index.php\/wp-json\/wp\/v2\/users\/1"}],"replies":[{"embeddable":true,"href":"https:\/\/biztonsagsoltvadkert.com\/index.php\/wp-json\/wp\/v2\/comments?post=123"}],"version-history":[{"count":134,"href":"https:\/\/biztonsagsoltvadkert.com\/index.php\/wp-json\/wp\/v2\/pages\/123\/revisions"}],"predecessor-version":[{"id":1215,"href":"https:\/\/biztonsagsoltvadkert.com\/index.php\/wp-json\/wp\/v2\/pages\/123\/revisions\/1215"}],"wp:attachment":[{"href":"https:\/\/biztonsagsoltvadkert.com\/index.php\/wp-json\/wp\/v2\/media?parent=123"}],"curies":[{"name":"wp","href":"https:\/\/api.w.org\/{rel}","templated":true}]}}