{"id":127,"date":"2023-03-30T13:33:59","date_gmt":"2023-03-30T11:33:59","guid":{"rendered":"https:\/\/biztonsagsoltvadkert.com\/?page_id=127"},"modified":"2023-05-07T13:24:14","modified_gmt":"2023-05-07T11:24:14","slug":"belepteto-rendszerek","status":"publish","type":"page","link":"https:\/\/biztonsagsoltvadkert.com\/index.php\/belepteto-rendszerek\/","title":{"rendered":"Bel\u00e9ptet\u0151 rendszerek"},"content":{"rendered":"\t\t<div data-elementor-type=\"wp-page\" data-elementor-id=\"127\" class=\"elementor elementor-127\">\n\t\t\t\t\t\t\t\t\t<section class=\"elementor-section elementor-top-section elementor-element elementor-element-3d0d14d1 elementor-section-boxed elementor-section-height-default elementor-section-height-default tf-sticky-section tf-sticky-no\" data-id=\"3d0d14d1\" data-element_type=\"section\" data-settings=\"{&quot;background_background&quot;:&quot;classic&quot;,&quot;tf_sticky&quot;:&quot;no&quot;}\">\n\t\t\t\t\t\t\t<div class=\"elementor-background-overlay\"><\/div>\n\t\t\t\t\t\t\t<div class=\"elementor-container elementor-column-gap-no\">\n\t\t\t\t\t<div class=\"elementor-column elementor-col-100 elementor-top-column elementor-element elementor-element-2d98c8c3\" data-id=\"2d98c8c3\" data-element_type=\"column\">\n\t\t\t<div class=\"elementor-widget-wrap elementor-element-populated\">\n\t\t\t\t\t\t\t\t<div class=\"elementor-element elementor-element-28b5aa59 elementor-absolute animated-slow elementor-invisible elementor-widget elementor-widget-heading\" data-id=\"28b5aa59\" data-element_type=\"widget\" data-settings=\"{&quot;_position&quot;:&quot;absolute&quot;,&quot;_animation&quot;:&quot;fadeIn&quot;}\" data-widget_type=\"heading.default\">\n\t\t\t\t<div class=\"elementor-widget-container\">\n\t\t\t<style>\/*! elementor - v3.11.5 - 14-03-2023 *\/\n.elementor-heading-title{padding:0;margin:0;line-height:1}.elementor-widget-heading .elementor-heading-title[class*=elementor-size-]>a{color:inherit;font-size:inherit;line-height:inherit}.elementor-widget-heading .elementor-heading-title.elementor-size-small{font-size:15px}.elementor-widget-heading .elementor-heading-title.elementor-size-medium{font-size:19px}.elementor-widget-heading .elementor-heading-title.elementor-size-large{font-size:29px}.elementor-widget-heading .elementor-heading-title.elementor-size-xl{font-size:39px}.elementor-widget-heading .elementor-heading-title.elementor-size-xxl{font-size:59px}<\/style><h1 class=\"elementor-heading-title elementor-size-xl\">Teljesk\u00f6r\u0171 bel\u00e9ptet\u0151 rendszer telep\u00edt\u00e9s<\/h1>\t\t<\/div>\n\t\t\t\t<\/div>\n\t\t\t\t\t<\/div>\n\t\t<\/div>\n\t\t\t\t\t\t\t<\/div>\n\t\t<\/section>\n\t\t\t\t<section class=\"elementor-section elementor-top-section elementor-element elementor-element-34cbf70f elementor-section-boxed elementor-section-height-default elementor-section-height-default tf-sticky-section tf-sticky-no\" data-id=\"34cbf70f\" data-element_type=\"section\" data-settings=\"{&quot;background_background&quot;:&quot;classic&quot;,&quot;tf_sticky&quot;:&quot;no&quot;}\">\n\t\t\t\t\t\t<div class=\"elementor-container elementor-column-gap-no\">\n\t\t\t\t\t<div class=\"elementor-column elementor-col-100 elementor-top-column elementor-element elementor-element-74a8d376\" data-id=\"74a8d376\" data-element_type=\"column\">\n\t\t\t<div class=\"elementor-widget-wrap elementor-element-populated\">\n\t\t\t\t\t\t\t\t<div class=\"elementor-element elementor-element-39aaa7d animated-slow elementor-invisible elementor-widget elementor-widget-heading\" data-id=\"39aaa7d\" data-element_type=\"widget\" data-settings=\"{&quot;_animation&quot;:&quot;zoomIn&quot;}\" data-widget_type=\"heading.default\">\n\t\t\t\t<div class=\"elementor-widget-container\">\n\t\t\t<h4 class=\"elementor-heading-title elementor-size-default\">V\u00c1LLALATI BEL\u00c9PTET\u0150 RENDSZEREK TELEP\u00cdT\u00c9SE<\/h4>\t\t<\/div>\n\t\t\t\t<\/div>\n\t\t\t\t<div class=\"elementor-element elementor-element-2e07f955 animated-slow elementor-invisible elementor-widget elementor-widget-image\" data-id=\"2e07f955\" data-element_type=\"widget\" data-settings=\"{&quot;_animation&quot;:&quot;slideInRight&quot;}\" data-widget_type=\"image.default\">\n\t\t\t\t<div class=\"elementor-widget-container\">\n\t\t\t<style>\/*! elementor - v3.11.5 - 14-03-2023 *\/\n.elementor-widget-image{text-align:center}.elementor-widget-image a{display:inline-block}.elementor-widget-image a img[src$=\".svg\"]{width:48px}.elementor-widget-image img{vertical-align:middle;display:inline-block}<\/style>\t\t\t\t\t\t\t\t\t\t\t\t<img width=\"1200\" height=\"760\" src=\"https:\/\/biztonsagsoltvadkert.com\/wp-content\/uploads\/2023\/04\/be1.jpg\" class=\"attachment-full size-full wp-image-440\" alt=\"\" decoding=\"async\" loading=\"lazy\" srcset=\"https:\/\/biztonsagsoltvadkert.com\/wp-content\/uploads\/2023\/04\/be1.jpg 1200w, https:\/\/biztonsagsoltvadkert.com\/wp-content\/uploads\/2023\/04\/be1-300x190.jpg 300w, https:\/\/biztonsagsoltvadkert.com\/wp-content\/uploads\/2023\/04\/be1-1024x649.jpg 1024w, https:\/\/biztonsagsoltvadkert.com\/wp-content\/uploads\/2023\/04\/be1-768x486.jpg 768w\" sizes=\"(max-width: 1200px) 100vw, 1200px\" \/>\t\t\t\t\t\t\t\t\t\t\t\t\t\t\t<\/div>\n\t\t\t\t<\/div>\n\t\t\t\t<div class=\"elementor-element elementor-element-a38b9cc elementor-widget elementor-widget-spacer\" data-id=\"a38b9cc\" data-element_type=\"widget\" data-widget_type=\"spacer.default\">\n\t\t\t\t<div class=\"elementor-widget-container\">\n\t\t\t<style>\/*! elementor - v3.11.5 - 14-03-2023 *\/\n.elementor-column .elementor-spacer-inner{height:var(--spacer-size)}.e-con{--container-widget-width:100%}.e-con-inner>.elementor-widget-spacer,.e-con>.elementor-widget-spacer{width:var(--container-widget-width,var(--spacer-size));--align-self:var(--container-widget-align-self,initial);--flex-shrink:0}.e-con-inner>.elementor-widget-spacer>.elementor-widget-container,.e-con-inner>.elementor-widget-spacer>.elementor-widget-container>.elementor-spacer,.e-con>.elementor-widget-spacer>.elementor-widget-container,.e-con>.elementor-widget-spacer>.elementor-widget-container>.elementor-spacer{height:100%}.e-con-inner>.elementor-widget-spacer>.elementor-widget-container>.elementor-spacer>.elementor-spacer-inner,.e-con>.elementor-widget-spacer>.elementor-widget-container>.elementor-spacer>.elementor-spacer-inner{height:var(--container-widget-height,var(--spacer-size))}<\/style>\t\t<div class=\"elementor-spacer\">\n\t\t\t<div class=\"elementor-spacer-inner\"><\/div>\n\t\t<\/div>\n\t\t\t\t<\/div>\n\t\t\t\t<\/div>\n\t\t\t\t<div class=\"elementor-element elementor-element-34c88fe3 animated-slow elementor-invisible elementor-widget elementor-widget-text-editor\" data-id=\"34c88fe3\" data-element_type=\"widget\" data-settings=\"{&quot;_animation&quot;:&quot;slideInLeft&quot;}\" data-widget_type=\"text-editor.default\">\n\t\t\t\t<div class=\"elementor-widget-container\">\n\t\t\t<style>\/*! elementor - v3.11.5 - 14-03-2023 *\/\n.elementor-widget-text-editor.elementor-drop-cap-view-stacked .elementor-drop-cap{background-color:#818a91;color:#fff}.elementor-widget-text-editor.elementor-drop-cap-view-framed .elementor-drop-cap{color:#818a91;border:3px solid;background-color:transparent}.elementor-widget-text-editor:not(.elementor-drop-cap-view-default) .elementor-drop-cap{margin-top:8px}.elementor-widget-text-editor:not(.elementor-drop-cap-view-default) .elementor-drop-cap-letter{width:1em;height:1em}.elementor-widget-text-editor .elementor-drop-cap{float:left;text-align:center;line-height:1;font-size:50px}.elementor-widget-text-editor .elementor-drop-cap-letter{display:inline-block}<\/style>\t\t\t\t<p>A bel\u00e9ptet\u0151 rendszer sz\u00e1mos ter\u00fcleten megk\u00f6nny\u00edtheti a c\u00e9gek \u00e9s v\u00e1llalkoz\u00e1sok mindennapos m\u0171k\u00f6d\u00e9s\u00e9t. Nemcsak adminisztrat\u00edv, hanem biztons\u00e1gi szempontb\u00f3l is rengeteg terhet levesz a munk\u00e1ltat\u00f3k v\u00e1ll\u00e1r\u00f3l egy megfelel\u0151en telep\u00edtett k\u00e1rty\u00e1s bel\u00e9ptet\u0151 \u00e9s munkaid\u0151 nyilv\u00e1ntart\u00f3 technol\u00f3gia.\u00a0Seg\u00edts\u00e9g\u00e9vel tiszt\u00e1n \u00e1ttekinthet\u0151, hogy ki \u00e9rkezik, illetve t\u00e1vozik a c\u00e9gt\u0151l, valamint a l\u00e9tes\u00edtm\u00e9nyen bel\u00fcli mozg\u00e1sok is dokument\u00e1lhat\u00f3ak. Miut\u00e1n a bel\u00e9ptet\u0151 rendszerek szoftveresen m\u0171k\u00f6dnek, tov\u00e1bbi fontos inform\u00e1ci\u00f3k is kinyerhet\u0151k bel\u0151le, p\u00e9ld\u00e1ul az egyes dolgoz\u00f3k munkaidej\u00e9nek kezdete \u00e9s v\u00e9ge.<\/p>\t\t\t\t\t\t<\/div>\n\t\t\t\t<\/div>\n\t\t\t\t\t<\/div>\n\t\t<\/div>\n\t\t\t\t\t\t\t<\/div>\n\t\t<\/section>\n\t\t\t\t<section class=\"elementor-section elementor-top-section elementor-element elementor-element-3ce9d582 elementor-section-boxed elementor-section-height-default elementor-section-height-default tf-sticky-section tf-sticky-no\" data-id=\"3ce9d582\" data-element_type=\"section\" data-settings=\"{&quot;background_background&quot;:&quot;classic&quot;,&quot;tf_sticky&quot;:&quot;no&quot;}\">\n\t\t\t\t\t\t<div class=\"elementor-container elementor-column-gap-default\">\n\t\t\t\t\t<div class=\"elementor-column elementor-col-100 elementor-top-column elementor-element elementor-element-46777e5e\" data-id=\"46777e5e\" data-element_type=\"column\">\n\t\t\t<div class=\"elementor-widget-wrap elementor-element-populated\">\n\t\t\t\t\t\t\t\t<section class=\"elementor-section elementor-inner-section elementor-element elementor-element-4e3b8874 elementor-section-boxed elementor-section-height-default elementor-section-height-default tf-sticky-section tf-sticky-no\" data-id=\"4e3b8874\" data-element_type=\"section\" data-settings=\"{&quot;tf_sticky&quot;:&quot;no&quot;}\">\n\t\t\t\t\t\t<div class=\"elementor-container elementor-column-gap-default\">\n\t\t\t\t\t<div class=\"elementor-column elementor-col-50 elementor-inner-column elementor-element elementor-element-6ad025ab animated-slow elementor-invisible\" data-id=\"6ad025ab\" data-element_type=\"column\" data-settings=\"{&quot;animation&quot;:&quot;fadeIn&quot;,&quot;animation_delay&quot;:800}\">\n\t\t\t<div class=\"elementor-widget-wrap elementor-element-populated\">\n\t\t\t\t\t\t\t\t<div class=\"elementor-element elementor-element-264ec76 animated-slow elementor-invisible elementor-widget elementor-widget-heading\" data-id=\"264ec76\" data-element_type=\"widget\" data-settings=\"{&quot;_animation&quot;:&quot;fadeIn&quot;}\" data-widget_type=\"heading.default\">\n\t\t\t\t<div class=\"elementor-widget-container\">\n\t\t\t<h2 class=\"elementor-heading-title elementor-size-default\">PIN k\u00f3dos bel\u00e9ptet\u0151rendszer<\/h2>\t\t<\/div>\n\t\t\t\t<\/div>\n\t\t\t\t<div class=\"elementor-element elementor-element-4d25259 elementor-widget elementor-widget-image\" data-id=\"4d25259\" data-element_type=\"widget\" data-widget_type=\"image.default\">\n\t\t\t\t<div class=\"elementor-widget-container\">\n\t\t\t\t\t\t\t\t\t\t\t\t\t\t\t<img width=\"560\" height=\"304\" src=\"https:\/\/biztonsagsoltvadkert.com\/wp-content\/uploads\/2023\/04\/pin.webp\" class=\"attachment-large size-large wp-image-474\" alt=\"\" decoding=\"async\" loading=\"lazy\" srcset=\"https:\/\/biztonsagsoltvadkert.com\/wp-content\/uploads\/2023\/04\/pin.webp 560w, https:\/\/biztonsagsoltvadkert.com\/wp-content\/uploads\/2023\/04\/pin-300x163.webp 300w\" sizes=\"(max-width: 560px) 100vw, 560px\" \/>\t\t\t\t\t\t\t\t\t\t\t\t\t\t\t<\/div>\n\t\t\t\t<\/div>\n\t\t\t\t<div class=\"elementor-element elementor-element-84da1a1 elementor-widget elementor-widget-text-editor\" data-id=\"84da1a1\" data-element_type=\"widget\" data-widget_type=\"text-editor.default\">\n\t\t\t\t<div class=\"elementor-widget-container\">\n\t\t\t\t\t\t\t<p>Az egyik legelterjedtebb v\u00e9delmi m\u00f3dszer, mellyel mindennapi k\u00f6rnyezet\u00fcnkben l\u00e9pten-nyomon tal\u00e1lkozhatunk. Gondoljunk csak egy l\u00e9pcs\u0151h\u00e1zra, vagy egy munkahelyi lez\u00e1rt szekci\u00f3ra, ahol az ajt\u00f3 k\u00f6zel\u00e9ben tal\u00e1lhat\u00f3 nyom\u00f3gombos t\u00e1bl\u00e1n elhelyezett sz\u00e1mok \u00e9s jelek meghat\u00e1rozott kombin\u00e1ci\u00f3j\u00e1nak be\u00fct\u00e9s\u00e9vel \u00e9rhetj\u00fck el a bejut\u00e1st. A PIN k\u00f3dos bel\u00e9ptet\u0151rendszert sokszor kombin\u00e1lj\u00e1k k\u00e1rty\u00e1s bel\u00e9ptet\u0151vel a magasabb szint\u0171 v\u00e9delem \u00e9rdek\u00e9ben.<\/p>\t\t\t\t\t\t<\/div>\n\t\t\t\t<\/div>\n\t\t\t\t\t<\/div>\n\t\t<\/div>\n\t\t\t\t<div class=\"elementor-column elementor-col-50 elementor-inner-column elementor-element elementor-element-197b54e1 animated-slow elementor-invisible\" data-id=\"197b54e1\" data-element_type=\"column\" data-settings=\"{&quot;animation&quot;:&quot;fadeIn&quot;,&quot;animation_delay&quot;:1000}\">\n\t\t\t<div class=\"elementor-widget-wrap elementor-element-populated\">\n\t\t\t\t\t\t\t\t<div class=\"elementor-element elementor-element-991e102 elementor-widget elementor-widget-heading\" data-id=\"991e102\" data-element_type=\"widget\" data-widget_type=\"heading.default\">\n\t\t\t\t<div class=\"elementor-widget-container\">\n\t\t\t<h2 class=\"elementor-heading-title elementor-size-default\">K\u00e1rty\u00e1s bel\u00e9ptet\u0151 rendszer<\/h2>\t\t<\/div>\n\t\t\t\t<\/div>\n\t\t\t\t<div class=\"elementor-element elementor-element-e650e68 elementor-widget elementor-widget-image\" data-id=\"e650e68\" data-element_type=\"widget\" data-widget_type=\"image.default\">\n\t\t\t\t<div class=\"elementor-widget-container\">\n\t\t\t\t\t\t\t\t\t\t\t\t\t\t\t<img width=\"900\" height=\"550\" src=\"https:\/\/biztonsagsoltvadkert.com\/wp-content\/uploads\/2023\/04\/pin2.jpg\" class=\"attachment-large size-large wp-image-475\" alt=\"\" decoding=\"async\" loading=\"lazy\" srcset=\"https:\/\/biztonsagsoltvadkert.com\/wp-content\/uploads\/2023\/04\/pin2.jpg 900w, https:\/\/biztonsagsoltvadkert.com\/wp-content\/uploads\/2023\/04\/pin2-300x183.jpg 300w, https:\/\/biztonsagsoltvadkert.com\/wp-content\/uploads\/2023\/04\/pin2-768x469.jpg 768w\" sizes=\"(max-width: 900px) 100vw, 900px\" \/>\t\t\t\t\t\t\t\t\t\t\t\t\t\t\t<\/div>\n\t\t\t\t<\/div>\n\t\t\t\t<div class=\"elementor-element elementor-element-a7a9c4f elementor-widget elementor-widget-text-editor\" data-id=\"a7a9c4f\" data-element_type=\"widget\" data-widget_type=\"text-editor.default\">\n\t\t\t\t<div class=\"elementor-widget-container\">\n\t\t\t\t\t\t\t<p>A bel\u00e9ptet\u0151rendszerek egyik legegyszer\u0171bb technol\u00f3giai m\u00f3dozata a k\u00e1rty\u00e1s azonos\u00edt\u00e1s. Ebben az esetben a k\u00e1rty\u00e1t csak a termin\u00e1lhoz kell k\u00f6zel\u00edteni, amely a r\u00e1di\u00f3s adat\u00e1tvitel technik\u00e1j\u00e1val olvassa le a k\u00e1rty\u00e1n l\u00e9v\u0151 adatokat, \u00e9s teszi lehet\u0151v\u00e9 a k\u00e1rtyabirtokos sz\u00e1m\u00e1ra az z\u00f6kken\u0151mentes bejut\u00e1st.<\/p>\t\t\t\t\t\t<\/div>\n\t\t\t\t<\/div>\n\t\t\t\t\t<\/div>\n\t\t<\/div>\n\t\t\t\t\t\t\t<\/div>\n\t\t<\/section>\n\t\t\t\t\t<\/div>\n\t\t<\/div>\n\t\t\t\t\t\t\t<\/div>\n\t\t<\/section>\n\t\t\t\t<section class=\"elementor-section elementor-top-section elementor-element elementor-element-1da82851 elementor-section-boxed elementor-section-height-default elementor-section-height-default tf-sticky-section tf-sticky-no\" data-id=\"1da82851\" data-element_type=\"section\" data-settings=\"{&quot;tf_sticky&quot;:&quot;no&quot;}\">\n\t\t\t\t\t\t<div class=\"elementor-container elementor-column-gap-default\">\n\t\t\t\t\t<div class=\"elementor-column elementor-col-100 elementor-top-column elementor-element elementor-element-643f69f\" data-id=\"643f69f\" data-element_type=\"column\">\n\t\t\t<div class=\"elementor-widget-wrap elementor-element-populated\">\n\t\t\t\t\t\t\t\t<div class=\"elementor-element elementor-element-17a2557e animated-slow elementor-invisible elementor-widget elementor-widget-heading\" data-id=\"17a2557e\" data-element_type=\"widget\" data-settings=\"{&quot;_animation&quot;:&quot;fadeIn&quot;}\" data-widget_type=\"heading.default\">\n\t\t\t\t<div class=\"elementor-widget-container\">\n\t\t\t<h2 class=\"elementor-heading-title elementor-size-default\">Elektromos kapu komplett szerel\u00e9se<\/h2>\t\t<\/div>\n\t\t\t\t<\/div>\n\t\t\t\t<div class=\"elementor-element elementor-element-784907c0 animated-slow elementor-invisible elementor-widget elementor-widget-text-editor\" data-id=\"784907c0\" data-element_type=\"widget\" data-settings=\"{&quot;_animation&quot;:&quot;fadeIn&quot;,&quot;_animation_delay&quot;:500}\" data-widget_type=\"text-editor.default\">\n\t\t\t\t<div class=\"elementor-widget-container\">\n\t\t\t\t\t\t\t<p>C\u00e9g\u00fcnk v\u00e1llalja&nbsp;<strong>megl\u00e9v\u0151 kapuj\u00e1nak automatiz\u00e1l\u00e1s\u00e1t<\/strong>, legyen az ak\u00e1r tol\u00f3, vagy sz\u00e1rnyas kapu.Korszer\u0171, magas min\u0151s\u00e9g\u0171 kapuvez\u00e9rl\u00e9s megb\u00edzhat\u00f3 \u00e9s gondos szakemberek \u00e1ltal telep\u00edtve lakoss\u00e1gi vagy v\u00e1llalati felhaszn\u00e1l\u00e1sra.<\/p>\t\t\t\t\t\t<\/div>\n\t\t\t\t<\/div>\n\t\t\t\t<div class=\"elementor-element elementor-element-ff7ab0c elementor-widget elementor-widget-image\" data-id=\"ff7ab0c\" data-element_type=\"widget\" data-widget_type=\"image.default\">\n\t\t\t\t<div class=\"elementor-widget-container\">\n\t\t\t\t\t\t\t\t\t\t\t\t\t\t\t<img width=\"1024\" height=\"576\" src=\"https:\/\/biztonsagsoltvadkert.com\/wp-content\/uploads\/2023\/04\/kap1.jpg\" class=\"attachment-large size-large wp-image-508\" alt=\"\" decoding=\"async\" loading=\"lazy\" srcset=\"https:\/\/biztonsagsoltvadkert.com\/wp-content\/uploads\/2023\/04\/kap1.jpg 1024w, https:\/\/biztonsagsoltvadkert.com\/wp-content\/uploads\/2023\/04\/kap1-300x169.jpg 300w, https:\/\/biztonsagsoltvadkert.com\/wp-content\/uploads\/2023\/04\/kap1-768x432.jpg 768w, https:\/\/biztonsagsoltvadkert.com\/wp-content\/uploads\/2023\/04\/kap1-800x450.jpg 800w\" sizes=\"(max-width: 1024px) 100vw, 1024px\" \/>\t\t\t\t\t\t\t\t\t\t\t\t\t\t\t<\/div>\n\t\t\t\t<\/div>\n\t\t\t\t\t<\/div>\n\t\t<\/div>\n\t\t\t\t\t\t\t<\/div>\n\t\t<\/section>\n\t\t\t\t\t\t\t<\/div>\n\t\t","protected":false},"excerpt":{"rendered":"<p>Teljesk\u00f6r\u0171 bel\u00e9ptet\u0151 rendszer telep\u00edt\u00e9s V\u00c1LLALATI BEL\u00c9PTET\u0150 RENDSZEREK TELEP\u00cdT\u00c9SE A bel\u00e9ptet\u0151 rendszer sz\u00e1mos ter\u00fcleten megk\u00f6nny\u00edtheti a c\u00e9gek \u00e9s v\u00e1llalkoz\u00e1sok mindennapos m\u0171k\u00f6d\u00e9s\u00e9t. Nemcsak adminisztrat\u00edv, hanem biztons\u00e1gi szempontb\u00f3l is rengeteg terhet levesz a munk\u00e1ltat\u00f3k v\u00e1ll\u00e1r\u00f3l egy megfelel\u0151en telep\u00edtett k\u00e1rty\u00e1s bel\u00e9ptet\u0151 \u00e9s munkaid\u0151 nyilv\u00e1ntart\u00f3 technol\u00f3gia.\u00a0Seg\u00edts\u00e9g\u00e9vel tiszt\u00e1n \u00e1ttekinthet\u0151, hogy ki \u00e9rkezik, illetve t\u00e1vozik a c\u00e9gt\u0151l, valamint a l\u00e9tes\u00edtm\u00e9nyen bel\u00fcli mozg\u00e1sok [&hellip;]<\/p>\n","protected":false},"author":1,"featured_media":0,"parent":0,"menu_order":0,"comment_status":"closed","ping_status":"closed","template":"","meta":{"_seopress_robots_primary_cat":""},"_links":{"self":[{"href":"https:\/\/biztonsagsoltvadkert.com\/index.php\/wp-json\/wp\/v2\/pages\/127"}],"collection":[{"href":"https:\/\/biztonsagsoltvadkert.com\/index.php\/wp-json\/wp\/v2\/pages"}],"about":[{"href":"https:\/\/biztonsagsoltvadkert.com\/index.php\/wp-json\/wp\/v2\/types\/page"}],"author":[{"embeddable":true,"href":"https:\/\/biztonsagsoltvadkert.com\/index.php\/wp-json\/wp\/v2\/users\/1"}],"replies":[{"embeddable":true,"href":"https:\/\/biztonsagsoltvadkert.com\/index.php\/wp-json\/wp\/v2\/comments?post=127"}],"version-history":[{"count":120,"href":"https:\/\/biztonsagsoltvadkert.com\/index.php\/wp-json\/wp\/v2\/pages\/127\/revisions"}],"predecessor-version":[{"id":1235,"href":"https:\/\/biztonsagsoltvadkert.com\/index.php\/wp-json\/wp\/v2\/pages\/127\/revisions\/1235"}],"wp:attachment":[{"href":"https:\/\/biztonsagsoltvadkert.com\/index.php\/wp-json\/wp\/v2\/media?parent=127"}],"curies":[{"name":"wp","href":"https:\/\/api.w.org\/{rel}","templated":true}]}}